{"id":430,"date":"2025-09-05T08:42:04","date_gmt":"2025-09-05T08:42:04","guid":{"rendered":"https:\/\/thelabcareer.com\/about-us\/"},"modified":"2025-09-05T08:42:13","modified_gmt":"2025-09-05T08:42:13","slug":"about-us","status":"publish","type":"page","link":"https:\/\/thelabcareer.com\/fr\/about-us\/","title":{"rendered":"\u00c0 propos de nous"},"content":{"rendered":"<div class=\"wp-block-uagb-container uag-blocks-common-selector uagb-block-d8b2f056 alignfull uagb-is-root-container\"><div class=\"uagb-container-inner-blocks-wrap\">\n<div class=\"wp-block-uagb-advanced-heading uagb-block-6ff4f5ff\"><h1 class=\"uagb-heading-text\">\u00c0 propos de nous<\/h1><\/div>\n\n\n\n<div class=\"wp-block-uagb-image uagb-block-c43d2685 wp-block-uagb-image--layout-default wp-block-uagb-image--effect-static wp-block-uagb-image--align-none uag-blocks-common-selector\" style=\"--z-index-desktop:undefined;;--z-index-tablet:1;;--z-index-mobile:undefined;\"><figure class=\"wp-block-uagb-image__figure\"><img decoding=\"async\" srcset=\"https:\/\/thelabcareer.com\/wp-content\/uploads\/sites\/471\/2021\/05\/inner-page-hero-img.jpg ,https:\/\/thelabcareer.com\/wp-content\/uploads\/sites\/471\/2021\/05\/inner-page-hero-img.jpg 780w, https:\/\/thelabcareer.com\/wp-content\/uploads\/sites\/471\/2021\/05\/inner-page-hero-img.jpg 360w\" sizes=\"(max-width: 480px) 150px\" src=\"https:\/\/thelabcareer.com\/wp-content\/uploads\/sites\/471\/2021\/05\/inner-page-hero-img.jpg\" alt=\"\" class=\"uag-image-135\" width=\"600\" height=\"319\" title=\"\" loading=\"lazy\" role=\"img\"\/><\/figure><\/div>\n<\/div><\/div>\n\n\n\n<div class=\"wp-block-uagb-container uag-blocks-common-selector uagb-block-87097184 alignfull uagb-is-root-container\"><div class=\"uagb-container-inner-blocks-wrap\">\n<div class=\"wp-block-uagb-advanced-heading uagb-block-860f22fa\"><h2 class=\"uagb-heading-text\">Entra\u00eener pour former des champions !<\/h2><\/div>\n\n\n\n<div class=\"wp-block-uagb-container uagb-layout-grid uagb-block-27cc4cd9 alignfull uagb-is-root-container\"><div class=\"uagb-container-inner-blocks-wrap\">\n<div class=\"wp-block-uagb-image uagb-block-e6df50da wp-block-uagb-image--layout-default wp-block-uagb-image--effect-static wp-block-uagb-image--align-none\"><figure class=\"wp-block-uagb-image__figure\"><img decoding=\"async\" srcset=\"https:\/\/thelabcareer.com\/wp-content\/uploads\/sites\/471\/2021\/05\/home-about-img.jpg ,https:\/\/thelabcareer.com\/wp-content\/uploads\/sites\/471\/2021\/05\/home-about-img.jpg 780w, https:\/\/thelabcareer.com\/wp-content\/uploads\/sites\/471\/2021\/05\/home-about-img.jpg 360w\" sizes=\"(max-width: 480px) 150px\" src=\"https:\/\/thelabcareer.com\/wp-content\/uploads\/sites\/471\/2021\/05\/home-about-img.jpg\" alt=\"\" class=\"uag-image-80\" width=\"600\" height=\"480\" title=\"\" loading=\"lazy\" role=\"img\"\/><\/figure><\/div>\n\n\n\n<div class=\"wp-block-uagb-info-box uagb-block-87689283 uagb-infobox__content-wrap  uagb-infobox-icon-above-title uagb-infobox-image-valign-top\"><div class=\"uagb-ifb-content\"><div class=\"uagb-ifb-title-wrap\"><h4 class=\"uagb-ifb-title\">Concentrons-nous sur les revenus, l&#039;augmentation des b\u00e9n\u00e9fices, la productivit\u00e9 des \u00e9quipes, l&#039;am\u00e9lioration des flux de tr\u00e9sorerie et, tout simplement, une plus grande tranquillit\u00e9 d&#039;esprit.<\/h4><\/div><p class=\"uagb-ifb-desc\">Forts de 10 ans d&#039;exp\u00e9rience dans l&#039;accompagnement des entreprises en pleine croissance, nous ma\u00eetrisons l&#039;art de comprendre leurs besoins, quel que soit leur secteur d&#039;activit\u00e9. Notre client\u00e8le s&#039;\u00e9tend des jeunes pousses aux grandes entreprises d\u00e9sireuses de d\u00e9velopper leurs activit\u00e9s.<br><br>Nous avons aid\u00e9 des entrepreneurs \u00e0 cr\u00e9er leur entreprise, \u00e0 constituer des \u00e9quipes productives et \u00e0 tirer le meilleur parti des ressources disponibles.<\/p><\/div><\/div>\n<\/div><\/div>\n\n\n\n<div class=\"wp-block-uagb-container uagb-layout-grid uagb-block-41452f58 alignfull uagb-is-root-container\"><div class=\"uagb-container-inner-blocks-wrap\">\n<div class=\"wp-block-uagb-advanced-heading uagb-block-b87c2a9f\"><h3 class=\"uagb-heading-text\">Mission.<\/h3><p class=\"uagb-desc-text\">Clarifier les priorit\u00e9s, les strat\u00e9gies et les opportunit\u00e9s au sein des entreprises ou des r\u00f4les afin de les aider \u00e0 atteindre les r\u00e9sultats exceptionnels qu&#039;elles souhaitent.<\/p><\/div>\n\n\n\n<div class=\"wp-block-uagb-advanced-heading uagb-block-2e30fbf9\"><h3 class=\"uagb-heading-text\">Vision.<\/h3><p class=\"uagb-desc-text\">Nous nous effor\u00e7ons de permettre \u00e0 nos clients d&#039;avoir une orientation claire, de se concentrer sur leurs objectifs et de r\u00e9ussir dans tous les domaines de leur activit\u00e9.<\/p><\/div>\n<\/div><\/div>\n<\/div><\/div>\n\n\n\n<div class=\"wp-block-uagb-container uagb-block-2efce2cd alignfull uagb-is-root-container\"><div class=\"uagb-container-inner-blocks-wrap\">\n<div class=\"wp-block-uagb-advanced-heading uagb-block-d68d0a27\"><h2 class=\"uagb-heading-text\">Notre \u00e9quipe<\/h2><\/div>\n\n\n\n<div class=\"wp-block-uagb-container uagb-block-60faf64a alignfull uagb-is-root-container\"><div class=\"uagb-container-inner-blocks-wrap\">\n<div class=\"wp-block-uagb-info-box uagb-block-9f4422ce uagb-infobox__content-wrap  uagb-infobox-icon-above-title uagb-infobox-image-valign-top wp-block-uagb-info-box--has-margin\"><div class=\"uagb-infobox-margin-wrapper\"><div class=\"uagb-ifb-content\"><div class=\"uagb-ifb-image-content\"><img decoding=\"async\" src=\"https:\/\/thelabcareer.com\/wp-content\/uploads\/sites\/471\/2021\/05\/team-1.jpg\" alt=\"\" width=\"500\" height=\"500\" loading=\"lazy\"\/><\/div><div class=\"uagb-ifb-title-wrap\"><span class=\"uagb-ifb-title-prefix\">Martin Stommer<\/span><h6 class=\"uagb-ifb-title\">Fondateur \/ PDG<\/h6><\/div><p class=\"uagb-ifb-desc\">Martin est un coach d&#039;affaires reconnu depuis plus de 12 ans. Son approche du coaching et de l&#039;accompagnement refl\u00e8te sa nature serviable et amicale.<\/p><\/div><\/div><\/div>\n\n\n\n<div class=\"wp-block-uagb-info-box uagb-block-c3874dab uagb-infobox__content-wrap  uagb-infobox-icon-above-title uagb-infobox-image-valign-top wp-block-uagb-info-box--has-margin\"><div class=\"uagb-infobox-margin-wrapper\"><div class=\"uagb-ifb-content\"><div class=\"uagb-ifb-image-content\"><img decoding=\"async\" src=\"https:\/\/thelabcareer.com\/wp-content\/uploads\/sites\/471\/2021\/05\/team-2.jpg\" alt=\"\" width=\"500\" height=\"500\" loading=\"lazy\"\/><\/div><div class=\"uagb-ifb-title-wrap\"><span class=\"uagb-ifb-title-prefix\">Barbara Cooper<\/span><h6 class=\"uagb-ifb-title\">Fondateur \/ PDG<\/h6><\/div><p class=\"uagb-ifb-desc\">Barbara est une coach prim\u00e9e qui a aid\u00e9 plus de 25 entreprises \u00e0 se lancer et \u00e0 prosp\u00e9rer en ligne. Elle adore les \u00e9changes et nouer des amiti\u00e9s.<\/p><\/div><\/div><\/div>\n\n\n\n<div class=\"wp-block-uagb-info-box uagb-block-e98108b0 uagb-infobox__content-wrap  uagb-infobox-icon-above-title uagb-infobox-image-valign-top wp-block-uagb-info-box--has-margin\"><div class=\"uagb-infobox-margin-wrapper\"><div class=\"uagb-ifb-content\"><div class=\"uagb-ifb-image-content\"><img decoding=\"async\" src=\"https:\/\/thelabcareer.com\/wp-content\/uploads\/sites\/471\/2021\/05\/team-3-1.jpg\" alt=\"\" width=\"500\" height=\"500\" loading=\"lazy\"\/><\/div><div class=\"uagb-ifb-title-wrap\"><span class=\"uagb-ifb-title-prefix\">Jason Ester<\/span><h6 class=\"uagb-ifb-title\">Fondateur \/ PDG<\/h6><\/div><p class=\"uagb-ifb-desc\">Dipl\u00f4m\u00e9 d&#039;une des meilleures universit\u00e9s et expert en mati\u00e8re de croissance des entreprises informatiques, Jason a \u00e9t\u00e9 un ami et un guide pour de nombreux jeunes entrepreneurs.<\/p><\/div><\/div><\/div>\n<\/div><\/div>\n<\/div><\/div>\n\n\n\n<div class=\"wp-block-uagb-container uagb-block-05fd2311 alignfull uagb-is-root-container\"><div class=\"uagb-container-inner-blocks-wrap\">\n<div class=\"wp-block-uagb-info-box uagb-block-5f43401b uagb-infobox__content-wrap  uagb-infobox-icon-above-title uagb-infobox-image-valign-top wp-block-uagb-info-box--has-margin\"><div class=\"uagb-infobox-margin-wrapper\"><div class=\"uagb-ifb-content\"><div class=\"uagb-ifb-title-wrap\"><h2 class=\"uagb-ifb-title\">Surmontez vos obstacles. Obtenez un coaching d&#039;affaires d\u00e8s aujourd&#039;hui\u00a0!<\/h2><\/div><div class=\"uagb-ifb-button-wrapper wp-block-button\"><a href=\"#\" class=\"uagb-infobox-cta-link wp-block-button__link\" target=\"_self\" rel=\"noopener noreferrer\" onclick=\"return false;\"><span class=\"uagb-inline-editing\">r\u00e9server une consultation<\/span><\/a><\/div><\/div><\/div><\/div>\n<\/div><\/div>","protected":false},"excerpt":{"rendered":"<p>About Us Coaching for Champions!\u200b Mission. Bring clarity to the priorities, strategies and opportunities within businesses or roles to help them achieve the exceptional results they desire. Vision. We strive to enable our clients to have clear direction, focus and achieve success in all the areas of their business. Our Team<\/p>","protected":false},"author":2,"featured_media":0,"parent":0,"menu_order":0,"comment_status":"closed","ping_status":"closed","template":"","meta":{"_uag_custom_page_level_css":"","site-sidebar-layout":"no-sidebar","site-content-layout":"plain-container","ast-site-content-layout":"normal-width-container","site-content-style":"unboxed","site-sidebar-style":"unboxed","ast-global-header-display":"","ast-banner-title-visibility":"","ast-main-header-display":"","ast-hfb-above-header-display":"","ast-hfb-below-header-display":"","ast-hfb-mobile-header-display":"","site-post-title":"disabled","ast-breadcrumbs-content":"","ast-featured-img":"","footer-sml-layout":"","theme-transparent-header-meta":"default","adv-header-id-meta":"","stick-header-meta":"","header-above-stick-meta":"","header-main-stick-meta":"","header-below-stick-meta":"","astra-migrate-meta-layouts":"set","ast-page-background-enabled":"default","ast-page-background-meta":{"desktop":{"background-color":"var(--ast-global-color-4)","background-image":"","background-repeat":"repeat","background-position":"center center","background-size":"auto","background-attachment":"scroll","background-type":"","background-media":"","overlay-type":"","overlay-color":"","overlay-opacity":"","overlay-gradient":""},"tablet":{"background-color":"","background-image":"","background-repeat":"repeat","background-position":"center center","background-size":"auto","background-attachment":"scroll","background-type":"","background-media":"","overlay-type":"","overlay-color":"","overlay-opacity":"","overlay-gradient":""},"mobile":{"background-color":"","background-image":"","background-repeat":"repeat","background-position":"center center","background-size":"auto","background-attachment":"scroll","background-type":"","background-media":"","overlay-type":"","overlay-color":"","overlay-opacity":"","overlay-gradient":""}},"ast-content-background-meta":{"desktop":{"background-color":"var(--ast-global-color-5)","background-image":"","background-repeat":"repeat","background-position":"center center","background-size":"auto","background-attachment":"scroll","background-type":"","background-media":"","overlay-type":"","overlay-color":"","overlay-opacity":"","overlay-gradient":""},"tablet":{"background-color":"var(--ast-global-color-5)","background-image":"","background-repeat":"repeat","background-position":"center center","background-size":"auto","background-attachment":"scroll","background-type":"","background-media":"","overlay-type":"","overlay-color":"","overlay-opacity":"","overlay-gradient":""},"mobile":{"background-color":"var(--ast-global-color-5)","background-image":"","background-repeat":"repeat","background-position":"center center","background-size":"auto","background-attachment":"scroll","background-type":"","background-media":"","overlay-type":"","overlay-color":"","overlay-opacity":"","overlay-gradient":""}},"footnotes":""},"yoast_head":"<!-- This site is optimized with the Yoast SEO plugin v23.3 - https:\/\/yoast.com\/wordpress\/plugins\/seo\/ -->\n<title>About Us - The Lab Career<\/title>\n<meta name=\"robots\" content=\"index, follow, max-snippet:-1, max-image-preview:large, max-video-preview:-1\" \/>\n<link rel=\"canonical\" href=\"https:\/\/thelabcareer.com\/fr\/about-us\/\" \/>\n<meta property=\"og:locale\" content=\"fr_FR\" \/>\n<meta property=\"og:type\" content=\"article\" \/>\n<meta property=\"og:title\" content=\"About Us - The Lab Career\" \/>\n<meta property=\"og:description\" content=\"About Us Coaching for Champions!\u200b Mission. Bring clarity to the priorities, strategies and opportunities within businesses or roles to help them achieve the exceptional results they desire. Vision. We strive to enable our clients to have clear direction, focus and achieve success in all the areas of their business. Our Team\" \/>\n<meta property=\"og:url\" content=\"https:\/\/thelabcareer.com\/fr\/about-us\/\" \/>\n<meta property=\"og:site_name\" content=\"The Lab Career\" \/>\n<meta property=\"article:modified_time\" content=\"2025-09-05T08:42:13+00:00\" \/>\n<meta property=\"og:image\" content=\"https:\/\/thelabcareer.com\/wp-content\/uploads\/sites\/471\/2021\/05\/inner-page-hero-img.jpg\" \/>\n<meta name=\"twitter:card\" content=\"summary_large_image\" \/>\n<meta name=\"twitter:label1\" content=\"Est. reading time\" \/>\n\t<meta name=\"twitter:data1\" content=\"2 minutes\" \/>\n<script type=\"application\/ld+json\" class=\"yoast-schema-graph\">{\"@context\":\"https:\/\/schema.org\",\"@graph\":[{\"@type\":\"WebPage\",\"@id\":\"https:\/\/thelabcareer.com\/about-us\/\",\"url\":\"https:\/\/thelabcareer.com\/about-us\/\",\"name\":\"About Us - The Lab Career\",\"isPartOf\":{\"@id\":\"https:\/\/thelabcareer.com\/#website\"},\"primaryImageOfPage\":{\"@id\":\"https:\/\/thelabcareer.com\/about-us\/#primaryimage\"},\"image\":{\"@id\":\"https:\/\/thelabcareer.com\/about-us\/#primaryimage\"},\"thumbnailUrl\":\"https:\/\/thelabcareer.com\/wp-content\/uploads\/sites\/471\/2021\/05\/inner-page-hero-img.jpg\",\"datePublished\":\"2025-09-05T08:42:04+00:00\",\"dateModified\":\"2025-09-05T08:42:13+00:00\",\"breadcrumb\":{\"@id\":\"https:\/\/thelabcareer.com\/about-us\/#breadcrumb\"},\"inLanguage\":\"fr-FR\",\"potentialAction\":[{\"@type\":\"ReadAction\",\"target\":[\"https:\/\/thelabcareer.com\/about-us\/\"]}]},{\"@type\":\"ImageObject\",\"inLanguage\":\"fr-FR\",\"@id\":\"https:\/\/thelabcareer.com\/about-us\/#primaryimage\",\"url\":\"https:\/\/thelabcareer.com\/wp-content\/uploads\/sites\/471\/2021\/05\/inner-page-hero-img.jpg\",\"contentUrl\":\"https:\/\/thelabcareer.com\/wp-content\/uploads\/sites\/471\/2021\/05\/inner-page-hero-img.jpg\"},{\"@type\":\"BreadcrumbList\",\"@id\":\"https:\/\/thelabcareer.com\/about-us\/#breadcrumb\",\"itemListElement\":[{\"@type\":\"ListItem\",\"position\":1,\"name\":\"Home\",\"item\":\"https:\/\/thelabcareer.com\/\"},{\"@type\":\"ListItem\",\"position\":2,\"name\":\"About Us\"}]},{\"@type\":\"WebSite\",\"@id\":\"https:\/\/thelabcareer.com\/#website\",\"url\":\"https:\/\/thelabcareer.com\/\",\"name\":\"The Lab Career\",\"description\":\"\",\"publisher\":{\"@id\":\"https:\/\/thelabcareer.com\/#organization\"},\"potentialAction\":[{\"@type\":\"SearchAction\",\"target\":{\"@type\":\"EntryPoint\",\"urlTemplate\":\"https:\/\/thelabcareer.com\/?s={search_term_string}\"},\"query-input\":\"required name=search_term_string\"}],\"inLanguage\":\"fr-FR\"},{\"@type\":\"Organization\",\"@id\":\"https:\/\/thelabcareer.com\/#organization\",\"name\":\"The Lab Career\",\"url\":\"https:\/\/thelabcareer.com\/\",\"logo\":{\"@type\":\"ImageObject\",\"inLanguage\":\"fr-FR\",\"@id\":\"https:\/\/thelabcareer.com\/#\/schema\/logo\/image\/\",\"url\":\"https:\/\/thelabcareer.com\/wp-content\/uploads\/sites\/471\/2025\/12\/cropped-cropped-cropped-thelabcareer-logo.png\",\"contentUrl\":\"https:\/\/thelabcareer.com\/wp-content\/uploads\/sites\/471\/2025\/12\/cropped-cropped-cropped-thelabcareer-logo.png\",\"width\":255,\"height\":364,\"caption\":\"The Lab Career\"},\"image\":{\"@id\":\"https:\/\/thelabcareer.com\/#\/schema\/logo\/image\/\"}}]}<\/script>\n<!-- \/ Yoast SEO plugin. -->","yoast_head_json":{"title":"About Us - The Lab Career","robots":{"index":"index","follow":"follow","max-snippet":"max-snippet:-1","max-image-preview":"max-image-preview:large","max-video-preview":"max-video-preview:-1"},"canonical":"https:\/\/thelabcareer.com\/fr\/about-us\/","og_locale":"fr_FR","og_type":"article","og_title":"About Us - The Lab Career","og_description":"About Us Coaching for Champions!\u200b Mission. Bring clarity to the priorities, strategies and opportunities within businesses or roles to help them achieve the exceptional results they desire. Vision. We strive to enable our clients to have clear direction, focus and achieve success in all the areas of their business. Our Team","og_url":"https:\/\/thelabcareer.com\/fr\/about-us\/","og_site_name":"The Lab Career","article_modified_time":"2025-09-05T08:42:13+00:00","og_image":[{"url":"https:\/\/thelabcareer.com\/wp-content\/uploads\/sites\/471\/2021\/05\/inner-page-hero-img.jpg"}],"twitter_card":"summary_large_image","twitter_misc":{"Est. reading time":"2 minutes"},"schema":{"@context":"https:\/\/schema.org","@graph":[{"@type":"WebPage","@id":"https:\/\/thelabcareer.com\/about-us\/","url":"https:\/\/thelabcareer.com\/about-us\/","name":"About Us - The Lab Career","isPartOf":{"@id":"https:\/\/thelabcareer.com\/#website"},"primaryImageOfPage":{"@id":"https:\/\/thelabcareer.com\/about-us\/#primaryimage"},"image":{"@id":"https:\/\/thelabcareer.com\/about-us\/#primaryimage"},"thumbnailUrl":"https:\/\/thelabcareer.com\/wp-content\/uploads\/sites\/471\/2021\/05\/inner-page-hero-img.jpg","datePublished":"2025-09-05T08:42:04+00:00","dateModified":"2025-09-05T08:42:13+00:00","breadcrumb":{"@id":"https:\/\/thelabcareer.com\/about-us\/#breadcrumb"},"inLanguage":"fr-FR","potentialAction":[{"@type":"ReadAction","target":["https:\/\/thelabcareer.com\/about-us\/"]}]},{"@type":"ImageObject","inLanguage":"fr-FR","@id":"https:\/\/thelabcareer.com\/about-us\/#primaryimage","url":"https:\/\/thelabcareer.com\/wp-content\/uploads\/sites\/471\/2021\/05\/inner-page-hero-img.jpg","contentUrl":"https:\/\/thelabcareer.com\/wp-content\/uploads\/sites\/471\/2021\/05\/inner-page-hero-img.jpg"},{"@type":"BreadcrumbList","@id":"https:\/\/thelabcareer.com\/about-us\/#breadcrumb","itemListElement":[{"@type":"ListItem","position":1,"name":"Home","item":"https:\/\/thelabcareer.com\/"},{"@type":"ListItem","position":2,"name":"About Us"}]},{"@type":"WebSite","@id":"https:\/\/thelabcareer.com\/#website","url":"https:\/\/thelabcareer.com\/","name":"The Lab Career","description":"","publisher":{"@id":"https:\/\/thelabcareer.com\/#organization"},"potentialAction":[{"@type":"SearchAction","target":{"@type":"EntryPoint","urlTemplate":"https:\/\/thelabcareer.com\/?s={search_term_string}"},"query-input":"required name=search_term_string"}],"inLanguage":"fr-FR"},{"@type":"Organization","@id":"https:\/\/thelabcareer.com\/#organization","name":"The Lab Career","url":"https:\/\/thelabcareer.com\/","logo":{"@type":"ImageObject","inLanguage":"fr-FR","@id":"https:\/\/thelabcareer.com\/#\/schema\/logo\/image\/","url":"https:\/\/thelabcareer.com\/wp-content\/uploads\/sites\/471\/2025\/12\/cropped-cropped-cropped-thelabcareer-logo.png","contentUrl":"https:\/\/thelabcareer.com\/wp-content\/uploads\/sites\/471\/2025\/12\/cropped-cropped-cropped-thelabcareer-logo.png","width":255,"height":364,"caption":"The Lab Career"},"image":{"@id":"https:\/\/thelabcareer.com\/#\/schema\/logo\/image\/"}}]}},"uagb_featured_image_src":{"full":false,"thumbnail":false,"medium":false,"medium_large":false,"large":false,"1536x1536":false,"2048x2048":false,"trp-custom-language-flag":false},"uagb_author_info":{"display_name":"lcgianni","author_link":"https:\/\/thelabcareer.com\/fr\/author\/lcgianni\/"},"uagb_comment_info":0,"uagb_excerpt":"About Us Coaching for Champions!\u200b Mission. Bring clarity to the priorities, strategies and opportunities within businesses or roles to help them achieve the exceptional results they desire. Vision. We strive to enable our clients to have clear direction, focus and achieve success in all the areas of their business. Our Team","_links":{"self":[{"href":"https:\/\/thelabcareer.com\/fr\/wp-json\/wp\/v2\/pages\/430"}],"collection":[{"href":"https:\/\/thelabcareer.com\/fr\/wp-json\/wp\/v2\/pages"}],"about":[{"href":"https:\/\/thelabcareer.com\/fr\/wp-json\/wp\/v2\/types\/page"}],"author":[{"embeddable":true,"href":"https:\/\/thelabcareer.com\/fr\/wp-json\/wp\/v2\/users\/2"}],"replies":[{"embeddable":true,"href":"https:\/\/thelabcareer.com\/fr\/wp-json\/wp\/v2\/comments?post=430"}],"version-history":[{"count":1,"href":"https:\/\/thelabcareer.com\/fr\/wp-json\/wp\/v2\/pages\/430\/revisions"}],"predecessor-version":[{"id":436,"href":"https:\/\/thelabcareer.com\/fr\/wp-json\/wp\/v2\/pages\/430\/revisions\/436"}],"wp:attachment":[{"href":"https:\/\/thelabcareer.com\/fr\/wp-json\/wp\/v2\/media?parent=430"}],"curies":[{"name":"wp","href":"https:\/\/api.w.org\/{rel}","templated":true}]}}